{"id":354,"date":"2020-01-07T18:53:50","date_gmt":"2020-01-07T10:53:50","guid":{"rendered":"https:\/\/www.cnxinbo.net\/?page_id=354"},"modified":"2020-01-07T18:55:34","modified_gmt":"2020-01-07T10:55:34","slug":"privacy-policy","status":"publish","type":"page","link":"https:\/\/www.cnxinbo.net\/pt\/privacy-policy\/","title":{"rendered":"Pol\u00edtica de Privacidade"},"content":{"rendered":"<p>Foram https:\/\/www.cnxinbo.net\/ ( a partir de agora, ser\u00e1 referido como https:\/\/www.cnxinbo.net\/ ), como a privacidade dos visitantes \u00e9 de nossa s\u00e9ria preocupa\u00e7\u00e3o. Esta p\u00e1gina da pol\u00edtica de privacidade descreve o tipo de informa\u00e7\u00e3o pessoal que pode ser recebida e coletada por https:\/\/www.cnxinbo.net\/ e como a informa\u00e7\u00e3o ser\u00e1 usada.<\/p>\n<h2>An\u00fancios de Motor Social e de Pesquisa<\/h2>\n<p>Como muitos outros lugares profissionais, https:\/\/www.cnxinbo.net\/ Investir no an\u00fancio da internet. Nossos parceiros de publicidade incluem Facebook Ads e Google ds. Para maximizar o ROI de publicidade online e encontrar clientes alvo, https:\/\/www.cnxinbo.net\/ aplicaram alguns c\u00f3digos de rastreamento gerados por esses motores de busca para gravar IP de usu\u00e1rio e fluxos de vista de p\u00e1ginas.<\/p>\n<h2>Datos de Contacto de Neg\u00f3cios<\/h2>\n<p>N\u00f3s coletamos todos os dados de contato de neg\u00f3cios enviados atrav\u00e9s de e-mails ou formul\u00e1rios web https:\/\/www.cnxinbo.net\/ de visitantes. A identifica\u00e7\u00e3o dos visitantes e os dados relacionados ao contato entrados ser\u00e3o mantidos estritamente para https:\/\/www.cnxinbo.net\/.com o uso interno. https:\/\/www.cnxinbo.net\/ assegurar\u00e1 a seguran\u00e7a e o uso adequado desses dados.<\/p>\n<h2>Utiliza\u00e7\u00e3o da Informa\u00e7\u00e3o<\/h2>\n<p>N\u00f3s s\u00f3 usaremos sua informa\u00e7\u00e3o pessoalmente identific\u00e1vel como descrita abaixo, a menos que voc\u00ea tenha expressamente consentido a outro tipo de uso, seja na \u00e9poca em que a informa\u00e7\u00e3o pessoalmente identific\u00e1vel \u00e9 coletada de voc\u00ea ou atrav\u00e9s de outra forma de consentimento de voc\u00ea:<\/p>\n<p>Usaremos informa\u00e7\u00f5es pessoalmente identific\u00e1veis para completar todas as ordens que voc\u00ea colocou<\/p>\n<p>Usaremos informa\u00e7\u00f5es pessoalmente identific\u00e1veis para fornecer-lhes os servi\u00e7os espec\u00edficos que voc\u00ea pediu, como chegar a um retalhista.<\/p>\n<p>Usaremos sua informa\u00e7\u00e3o pessoalmente identific\u00e1vel para responder a perguntas que voc\u00ea nos envia.<\/p>\n<p>Usaremos sua informa\u00e7\u00e3o pessoalmente identific\u00e1vel para enviar e-mails de vez em quando, como cartas de not\u00edcias e not\u00edcias sobre nossas promo\u00e7\u00f5es.<\/p>\n<p>Podemos divulgar informa\u00e7\u00f5es pessoalmente identific\u00e1veis como exigido pela lei ou processo jur\u00eddico.<\/p>\n<p>Podemos divulgar informa\u00e7\u00f5es pessoalmente identific\u00e1veis para investigar suspeitas de fraude, ass\u00e9dio ou outras viola\u00e7\u00f5es de qualquer lei, regra ou regula\u00e7\u00e3o, ou os termos ou pol\u00edticas do site Web.<\/p>\n<h2>OPTION OUT\/CORRECTIONS<\/h2>\n<p>Com seu pedido, corregiremos ou atualizaremos sua informa\u00e7\u00e3o pessoal; b) parar de enviar e-mails ao seu endere\u00e7o de email; e\/ou c) desactivar sua conta para evitar qualquer compra futura atrav\u00e9s dessa conta. Voc\u00ea pode fazer esses pedidos na sec\u00e7\u00e3o de informa\u00e7\u00e3o do cliente, ou telefonando ou enviando seu pedido por e-mail<\/p>\n<p>https:\/\/www.cnxinbo.net\/.com\u2019s Customer Support Department at export@chinawuzheng.com. Please do not email your credit card number or other sensitive information.<\/p>\n<h2>Condi\u00e7\u00f5es<\/h2>\n<h3>1. Aplica\u00e7\u00e3o e Aceita\u00e7\u00e3o dos Termos<\/h3>\n<p>Bem-vindos ao nosso site! Este documento \u00e9 um acordo jur\u00eddicamente vinculativo entre voc\u00eas como usu\u00e1rios do site (a seguir denominado &#8220;you&#8221;, &#8220;your&#8221; ou &#8220;User&#8221;) e https:\/\/www.cnxinbo.net\/ &#8212; o dono do local https:\/\/www.cnxinbo.net\/.com.<\/p>\n<p>1.1 Sua utiliza\u00e7\u00e3o https:\/\/www.cnxinbo.net\/ &#8216; s servi\u00e7os e produtos (coletivamente denominados &#8220;Servi\u00e7os &#8221; a seguir) s \u00e3o sujeitos aos termos e condi\u00e7\u00f5es contidos neste documento, bem como \u00e0 Pol\u00edtica de Privacidade e quaisquer outras regras e pol\u00edticas de https:\/\/www.cnxinbo.net\/ que pode ser publicada byhttps:\/\/www.cnxinbo.net\/ De vez em quando. Este documento e outras regras e pol\u00edticas https:\/\/www.cnxinbo.net\/ - s\u00e3o coletivamente referidos abaixo como o &#8220; Termos Ao acessar https:\/\/www.cnxinbo.net\/ ou usando os Servi\u00e7os, voc\u00ea concorda em aceitar e estar vinculado pelos Termos. Por favor, n\u00e3o usem os Servi\u00e7os ou https:\/\/www.cnxinbo.net\/ Se voc\u00ea n\u00e3o aceita todos os Termos.<\/p>\n<p>1.2 Voc\u00ea pode n\u00e3o usar os Servi\u00e7os e n\u00e3o aceitar os Termos se a) voc\u00ea n\u00e3o tem idade legal para formar um contrato vinculativo com https:\/\/www.cnxinbo.net\/.com , ou b) voc\u00ea n\u00e3o est\u00e1 autorizado a receber qualquer Servi\u00e7o sob as leis da RP China ou outros pa\u00edses\/regi\u00f5es incluindo o pa\u00eds\/regi\u00e3o em que voc\u00ea reside ou de onde voc\u00ea usa os Servi\u00e7os.<\/p>\n<p>1.3 Voc\u00ea reconhece e concorda que https:\/\/www.cnxinbo.net\/.commay - alterar quaisquer Termos em qualquer momento, publicando os Termos alterados e reiniciados relevantes em https:\/\/www.cnxinbo.net\/.com. Ao continuar a usar os Servi\u00e7os ou https:\/\/www.cnxinbo.net\/.com , voc\u00ea concorda que os Termos alterados se aplicar\u00e3o a voc\u00ea.<\/p>\n<h3>2. Usadores geralmente<\/h3>\n<p>2.1 Como condi\u00e7\u00e3o de seu acesso e uso https:\/\/www.cnxinbo.net\/ ou Servi\u00e7os, voc\u00ea concorda que voc\u00ea cumprir\u00e1 todas as leis e regulamentos aplic\u00e1veis quando utilizar https:\/\/www.cnxinbo.net\/ ou Servi\u00e7os.<\/p>\n<p>2.2 Voc\u00ea deve ler https:\/\/www.cnxinbo.net\/.com&amp;#8217 ;s Pol\u00edtica de Privacidade que governa a prote\u00e7\u00e3o e o uso de informa\u00e7\u00f5es pessoais sobre usu\u00e1rios na posse de https:\/\/www.cnxinbo.net\/ e nossos afiliados. Voc\u00ea aceita os termos da Pol\u00edtica de Privacidade e concorda com o uso da informa\u00e7\u00e3o pessoal sobre voc\u00ea de acordo com a Pol\u00edtica de Privacidade.<\/p>\n<p>2.3 Voc\u00ea concorda em n\u00e3o empreender nenhuma a\u00e7\u00e3o para prejudicar a integridade dos sistemas inform\u00e1ticos ou redes de https:\/\/www.cnxinbo.net\/ e\/ou qualquer outro Utilizador nem ganhar acesso n\u00e3o autorizado a tais sistemas ou redes de computador.<\/p>\n<p>2.4 Voc\u00ea concorda em n\u00e3o aproveitar qualquer vantagem na utiliza\u00e7\u00e3o das informa\u00e7\u00f5es enumeradas https:\/\/www.cnxinbo.net\/ ou recebido de qualquer representante de https:\/\/www.cnxinbo.net\/ - nas atividades incluindo: estabelecer n\u00edveis de pre\u00e7os, ou cita\u00e7\u00f5es de produtos e servi\u00e7os que n\u00e3o s\u00e3o comprados de https:\/\/www.cnxinbo.net\/.com preparando conte\u00fados do site, escrevendo contratos ou acordos que n\u00e3o https:\/\/www.cnxinbo.net\/ a participa\u00e7\u00e3o.<\/p>\n<h3>3. Produtos e Pre\u00e7os<\/h3>\n<p>3.1 Uma vez que estamos continuamente desenvolvendo e actualizando nossos produtos e servi\u00e7os, qualquer especifica\u00e7\u00e3o t\u00e9cnica, n\u00e3o t\u00e9cnica, incluindo mas n\u00e3o limitada a p\u00e1ginas web, tabelas de relat\u00f3rios, figuras, imagens, v\u00eddeos ou \u00e1udios de qualquer um dos produtos de https:\/\/www.cnxinbo.net\/ podem ser alterados ou completamente alterados em formatos e conte\u00fados sem uma notifica\u00e7\u00e3o pr\u00e9via, online ou offline.<\/p>\n<p>3.2 Pre\u00e7os enumerados https:\/\/www.cnxinbo.net\/ ou fornecido por qualquer representante de https:\/\/www.cnxinbo.net\/ est\u00e3o sujeitos a mudan\u00e7as sem aviso pr\u00e9vio.<\/p>\n<h3>4. Limita\u00e7\u00e3o da responsabilidade<\/h3>\n<p>4.1 Qualquer material descarregado ou obtido de outra forma atrav\u00e9s https:\/\/www.cnxinbo.net\/ \u00e9 feito em cada usu\u00e1rio&#8217; \u00e9 exclusivamente discri\u00e7\u00e3o e risco e cada Utilizador \u00e9 exclusivamente respons\u00e1vel por qualquer dano a https:\/\/www.cnxinbo.net\/ &#8216; o sistema de computador ou perda de dados que podem resultar do download de qualquer desses materiais.<\/p>","protected":false},"excerpt":{"rendered":"<p>Foram https:\/\/www.cnxinbo.net\/ ( a partir de agora, ser\u00e1 referido como https:\/\/www.cnxinbo.net\/ ), como a privacidade dos visitantes \u00e9 de nossa s\u00e9ria preocupa\u00e7\u00e3o. Esta p\u00e1gina da pol\u00edtica de privacidade descreve o tipo de informa\u00e7\u00e3o pessoal que pode ser recebida e coletada por https:\/\/www.cnxinbo.net\/ e como a informa\u00e7\u00e3o ser\u00e1 usada. Social and Search Engine Ads Como muitos outros sites profissionais, https:\/\/www.cnxinbo.net\/ Investir [&hellip;]<\/p>","protected":false},"author":1,"featured_media":0,"parent":0,"menu_order":13,"comment_status":"closed","ping_status":"closed","template":"PrivPolicy.php","meta":{"footnotes":""},"class_list":["post-354","page","type-page","status-publish","hentry"],"_links":{"self":[{"href":"https:\/\/www.cnxinbo.net\/pt\/wp-json\/wp\/v2\/pages\/354","targetHints":{"allow":["GET"]}}],"collection":[{"href":"https:\/\/www.cnxinbo.net\/pt\/wp-json\/wp\/v2\/pages"}],"about":[{"href":"https:\/\/www.cnxinbo.net\/pt\/wp-json\/wp\/v2\/types\/page"}],"author":[{"embeddable":true,"href":"https:\/\/www.cnxinbo.net\/pt\/wp-json\/wp\/v2\/users\/1"}],"replies":[{"embeddable":true,"href":"https:\/\/www.cnxinbo.net\/pt\/wp-json\/wp\/v2\/comments?post=354"}],"version-history":[{"count":2,"href":"https:\/\/www.cnxinbo.net\/pt\/wp-json\/wp\/v2\/pages\/354\/revisions"}],"predecessor-version":[{"id":356,"href":"https:\/\/www.cnxinbo.net\/pt\/wp-json\/wp\/v2\/pages\/354\/revisions\/356"}],"wp:attachment":[{"href":"https:\/\/www.cnxinbo.net\/pt\/wp-json\/wp\/v2\/media?parent=354"}],"curies":[{"name":"wp","href":"https:\/\/api.w.org\/{rel}","templated":true}]}}