{"id":638,"date":"2020-02-06T11:21:40","date_gmt":"2020-02-06T03:21:40","guid":{"rendered":"https:\/\/www.cnxinbo.net\/?page_id=638"},"modified":"2024-03-01T14:20:33","modified_gmt":"2024-03-01T06:20:33","slug":"case","status":"publish","type":"page","link":"https:\/\/www.cnxinbo.net\/pt\/case\/","title":{"rendered":"M\u00e1quina de Forma\u00e7\u00e3o de Metal &#038; Fabrica\u00e7\u00e3o e fornecedor de forma\u00e7\u00e3o de rolos s Exposi\u00e7\u00e3o &#8211; Caso Xinbo"},"content":{"rendered":"","protected":false},"excerpt":{"rendered":"","protected":false},"author":1,"featured_media":0,"parent":0,"menu_order":8,"comment_status":"closed","ping_status":"closed","template":"case.php","meta":{"footnotes":""},"class_list":["post-638","page","type-page","status-publish","hentry"],"_links":{"self":[{"href":"https:\/\/www.cnxinbo.net\/pt\/wp-json\/wp\/v2\/pages\/638","targetHints":{"allow":["GET"]}}],"collection":[{"href":"https:\/\/www.cnxinbo.net\/pt\/wp-json\/wp\/v2\/pages"}],"about":[{"href":"https:\/\/www.cnxinbo.net\/pt\/wp-json\/wp\/v2\/types\/page"}],"author":[{"embeddable":true,"href":"https:\/\/www.cnxinbo.net\/pt\/wp-json\/wp\/v2\/users\/1"}],"replies":[{"embeddable":true,"href":"https:\/\/www.cnxinbo.net\/pt\/wp-json\/wp\/v2\/comments?post=638"}],"version-history":[{"count":0,"href":"https:\/\/www.cnxinbo.net\/pt\/wp-json\/wp\/v2\/pages\/638\/revisions"}],"wp:attachment":[{"href":"https:\/\/www.cnxinbo.net\/pt\/wp-json\/wp\/v2\/media?parent=638"}],"curies":[{"name":"wp","href":"https:\/\/api.w.org\/{rel}","templated":true}]}}