{"id":640,"date":"2020-02-06T11:23:04","date_gmt":"2020-02-06T03:23:04","guid":{"rendered":"https:\/\/www.cnxinbo.net\/?page_id=640"},"modified":"2024-03-01T14:20:23","modified_gmt":"2024-03-01T06:20:23","slug":"service","status":"publish","type":"page","link":"https:\/\/www.cnxinbo.net\/pt\/service\/","title":{"rendered":"Servi\u00e7os Profissionais Fornecidos por Fabricantes de M\u00e1quinas de Forma\u00e7\u00e3o de Metais Chineses &#8211; Servi\u00e7os Xinbo"},"content":{"rendered":"","protected":false},"excerpt":{"rendered":"","protected":false},"author":1,"featured_media":0,"parent":0,"menu_order":9,"comment_status":"closed","ping_status":"closed","template":"Service.php","meta":{"footnotes":""},"class_list":["post-640","page","type-page","status-publish","hentry"],"_links":{"self":[{"href":"https:\/\/www.cnxinbo.net\/pt\/wp-json\/wp\/v2\/pages\/640","targetHints":{"allow":["GET"]}}],"collection":[{"href":"https:\/\/www.cnxinbo.net\/pt\/wp-json\/wp\/v2\/pages"}],"about":[{"href":"https:\/\/www.cnxinbo.net\/pt\/wp-json\/wp\/v2\/types\/page"}],"author":[{"embeddable":true,"href":"https:\/\/www.cnxinbo.net\/pt\/wp-json\/wp\/v2\/users\/1"}],"replies":[{"embeddable":true,"href":"https:\/\/www.cnxinbo.net\/pt\/wp-json\/wp\/v2\/comments?post=640"}],"version-history":[{"count":18,"href":"https:\/\/www.cnxinbo.net\/pt\/wp-json\/wp\/v2\/pages\/640\/revisions"}],"predecessor-version":[{"id":5326,"href":"https:\/\/www.cnxinbo.net\/pt\/wp-json\/wp\/v2\/pages\/640\/revisions\/5326"}],"wp:attachment":[{"href":"https:\/\/www.cnxinbo.net\/pt\/wp-json\/wp\/v2\/media?parent=640"}],"curies":[{"name":"wp","href":"https:\/\/api.w.org\/{rel}","templated":true}]}}