{"id":354,"date":"2020-01-07T18:53:50","date_gmt":"2020-01-07T10:53:50","guid":{"rendered":"https:\/\/www.cnxinbo.net\/?page_id=354"},"modified":"2020-01-07T18:55:34","modified_gmt":"2020-01-07T10:55:34","slug":"privacy-policy","status":"publish","type":"page","link":"https:\/\/www.cnxinbo.net\/tr\/privacy-policy\/","title":{"rendered":"Gizlilik Politikas\u0131"},"content":{"rendered":"<p>A\u00e7\u0131k https:\/\/www.cnxinbo.net\/  (bundan itibaren, olarak adland\u0131r\u0131lacakt\u0131r) https:\/\/www.cnxinbo.net\/ Ziyaret\u00e7inin gizlili\u011fi bizim ciddi endi\u015femizdir. Bu gizlilik politikas\u0131 sayfas\u0131, ne t\u00fcr ki\u015fisel bilgilerin al\u0131nabilece\u011fini ve toplanabilece\u011fini a\u00e7\u0131klar. https:\/\/www.cnxinbo.net\/ ve bilgilerin nas\u0131l kullan\u0131laca\u011f\u0131.<\/p>\n<h2>Sosyal ve Arama Motoru Reklamlar\u0131<\/h2>\n<p>Di\u011fer profesyonel siteler gibi, https:\/\/www.cnxinbo.net\/ \u0130nternet reklamlar\u0131na yat\u0131r\u0131m yap\u0131n. Reklam ortaklar\u0131m\u0131z aras\u0131nda Facebook Reklamlar\u0131 ve Google ds bulunmaktad\u0131r. \u00c7evrimi\u00e7i reklamc\u0131l\u0131k ROI'sini en \u00fcst d\u00fczeye \u00e7\u0131karmak ve hedef m\u00fc\u015fterileri bulmak i\u00e7in, https:\/\/www.cnxinbo.net\/ Kullan\u0131c\u0131 IP adreslerini ve sayfa g\u00f6r\u00fcnt\u00fcleme ak\u0131\u015flar\u0131n\u0131 kaydetmek i\u00e7in bu arama motorlar\u0131 taraf\u0131ndan olu\u015fturulan baz\u0131 izleme kodlar\u0131n\u0131 uygulad\u0131.<\/p>\n<h2>\u0130\u015f \u0130leti\u015fim Verileri<\/h2>\n<p>E-postalar veya web formlar\u0131 arac\u0131l\u0131\u011f\u0131yla g\u00f6nderilen t\u00fcm i\u015f ileti\u015fim verilerini topluyoruz. https:\/\/www.cnxinbo.net\/ ziyaret\u00e7ilerden. Girilen ziyaret\u00e7i kimli\u011fi ve ileti\u015fim ile ilgili veriler kesinlikle https:\/\/www.cnxinbo.net\/.com \u0130\u00e7 kullan\u0131m\u0131. https:\/\/www.cnxinbo.net\/ Bu verilerin g\u00fcvenli\u011fini ve uygun kullan\u0131m\u0131n\u0131 sa\u011flayacakt\u0131r.<\/p>\n<h2>Bilgi Kullan\u0131m\u0131<\/h2>\n<p>Ki\u015fisel tan\u0131mlanabilir bilgilerinizi yaln\u0131zca a\u015fa\u011f\u0131da a\u00e7\u0131klanan gibi kullanaca\u011f\u0131z, ki\u015fisel tan\u0131mlanabilir bilgilerin sizden topland\u0131\u011f\u0131 anda veya sizden ba\u015fka bir onay bi\u00e7imi yoluyla ba\u015fka bir kullan\u0131m t\u00fcr\u00fcne \u00f6zel olarak raz\u0131l\u0131k vermedi\u011finiz s\u00fcrece:<\/p>\n<p>Sipari\u015flerinizi tamamlamak i\u00e7in ki\u015fisel olarak tan\u0131mlanabilir bilgileri kullanaca\u011f\u0131z.<\/p>\n<p>Ki\u015fisel olarak tan\u0131mlanabilir bilgileri, bir perakende sat\u0131c\u0131s\u0131na ula\u015fmak gibi istedi\u011finiz belirli hizmetleri size sunmak i\u00e7in kullanaca\u011f\u0131z.<\/p>\n<p>Bize g\u00f6nderdi\u011finiz sorulara cevap vermek i\u00e7in ki\u015fisel tan\u0131mlanabilir bilgilerinizi kullanaca\u011f\u0131z.<\/p>\n<p>Ki\u015fisel tan\u0131mlanabilir bilgilerinizi zaman zaman size b\u00fcltenler ve promosyonlar\u0131m\u0131zla ilgili bildirimler gibi e-postalar g\u00f6ndermek i\u00e7in kullanaca\u011f\u0131z.<\/p>\n<p>Kanun veya yasal s\u00fcre\u00e7 taraf\u0131ndan gerekli olarak ki\u015fisel tan\u0131mlanabilir bilgileri a\u00e7\u0131klayabiliriz.<\/p>\n<p>\u015e\u00fcpheli doland\u0131r\u0131c\u0131l\u0131k, taciz veya herhangi bir yasa, kural veya d\u00fczenleme veya Web sitesi i\u00e7in \u015fartlar veya politikalar\u0131n di\u011fer ihlallerini ara\u015ft\u0131rmak i\u00e7in ki\u015fisel olarak tan\u0131mlanabilir bilgileri a\u00e7\u0131klayabiliriz.<\/p>\n<h2>\u00c7\u0131k\u0131\u015f\/D\u00fczeltmeler<\/h2>\n<p>\u0130ste\u011finiz \u00fczerine (a) ki\u015fisel bilgilerinizi d\u00fczeltece\u011fiz veya g\u00fcncelleyece\u011fiz;  (b) E-posta adresinize e-posta g\u00f6ndermeyi durdurmak; ve\/veya (c) bu hesap arac\u0131l\u0131\u011f\u0131yla gelecekteki herhangi bir sat\u0131n almay\u0131 \u00f6nlemek i\u00e7in hesab\u0131n\u0131z\u0131 devre d\u0131\u015f\u0131 b\u0131rak\u0131n. Bu istekleri m\u00fc\u015fteri bilgileri b\u00f6l\u00fcm\u00fcnde veya talebinizi telefonla veya e-posta yoluyla yapabilirsiniz.<\/p>\n<p>https:\/\/www.cnxinbo.net\/.com\u2019s Customer Support Department at export@chinawuzheng.com. Please do not email your credit card number or other sensitive information.<\/p>\n<h2>\u015eartlar ve Ko\u015fullar<\/h2>\n<h3>1. \u015eartlar\u0131n Uygulamas\u0131 ve Kabul Edilmesi<\/h3>\n<p>Sitemize ho\u015f geldiniz! Bu belge, sitenin kullan\u0131c\u0131s\u0131 olarak aran\u0131zda yasal olarak ba\u011flay\u0131c\u0131 bir anla\u015fmad\u0131r (bundan sonra &#8220;siz&#8221;, &#8220;sizin&#8221; veya &#8220;Kullan\u0131c\u0131&#8221; olarak adland\u0131r\u0131l\u0131r) ve https:\/\/www.cnxinbo.net\/  &#8212; Sitenin sahibi https:\/\/www.cnxinbo.net\/.com.<\/p>\n<p>1.1 Kullan\u0131m\u0131n\u0131z https:\/\/www.cnxinbo.net\/  &#8216; Hizmetler ve \u00fcr\u00fcnler (kolektif olarak &#8220;Hizmetler&#8221; bundan sonra) bu belgede yer alan \u015fartlar ve ko\u015fullara, Gizlilik Politikas\u0131 ve di\u011fer kurallara ve politikalara tabidir. https:\/\/www.cnxinbo.net\/ Yay\u0131nlanabilir byhttps:\/\/www.cnxinbo.net\/ Zaman zaman. Bu belge ve di\u011fer kurallar ve politikalar https:\/\/www.cnxinbo.net\/ kolektif olarak a\u015fa\u011f\u0131da &#8220; Ko\u015fullar&#8221;  . Eri\u015fim yoluyla https:\/\/www.cnxinbo.net\/ veya Hizmetleri kullanarak, \u015eartlar\u0131 kabul etmeyi ve bunlara ba\u011fl\u0131 olmay\u0131 kabul edersiniz. Hizmetleri kullanmay\u0131n veya https:\/\/www.cnxinbo.net\/ T\u00fcm \u015eartlar\u0131 kabul etmezseniz.<\/p>\n<p>1.2 Hizmetleri kullanamazs\u0131n\u0131z ve (a) ba\u011flay\u0131c\u0131 bir s\u00f6zle\u015fme olu\u015fturmak i\u00e7in yasal ya\u015fta de\u011filseniz Ko\u015fullar\u0131 kabul edemezsiniz https:\/\/www.cnxinbo.net\/.com veya (b) ikamet etti\u011finiz veya Hizmetleri kulland\u0131\u011f\u0131n\u0131z \u00fclke\/b\u00f6lge dahil olmak \u00fczere PR China veya di\u011fer \u00fclkelerin\/b\u00f6lgelerin yasalar\u0131na g\u00f6re herhangi bir Hizmet alman\u0131za izin verilmez.<\/p>\n<p>1.3 Bunu kabul ediyor ve kabul ediyorsunuz https:\/\/www.cnxinbo.net\/.commay ilgili de\u011fi\u015ftirilmi\u015f ve yeniden belirtilen Ko\u015fullar\u0131 her zaman https:\/\/www.cnxinbo.net\/.com. Hizmetleri kullanmaya devam ederek veya https:\/\/www.cnxinbo.net\/.com De\u011fi\u015ftirilen \u015eartlar\u0131n sizin i\u00e7in ge\u00e7erli olaca\u011f\u0131n\u0131 kabul ediyorsunuz.<\/p>\n<h3>2. Genel olarak kullan\u0131c\u0131lar<\/h3>\n<p>2.1 Eri\u015fiminiz ve kullan\u0131m\u0131n\u0131z\u0131n bir ko\u015fulu olarak https:\/\/www.cnxinbo.net\/ veya Hizmetleri, kullan\u0131rken t\u00fcm ge\u00e7erli yasalara ve d\u00fczenlemelere uyman\u0131z\u0131 kabul ediyorsunuz. https:\/\/www.cnxinbo.net\/ veya hizmetler.<\/p>\n<p>2.2 Okumal\u0131s\u0131n\u0131z https:\/\/www.cnxinbo.net\/.com&amp;#8217 Kullan\u0131c\u0131lar\u0131n sahip oldu\u011fu ki\u015fisel bilgilerin korunmas\u0131n\u0131 ve kullan\u0131m\u0131n\u0131 y\u00f6neten Gizlilik Politikas\u0131; https:\/\/www.cnxinbo.net\/ ve ba\u011fl\u0131 kurulu\u015flar\u0131m\u0131z. Gizlilik Politikas\u0131'n\u0131n \u015fartlar\u0131n\u0131 kabul ediyorsunuz ve Gizlilik Politikas\u0131'na uygun olarak sizinle ilgili ki\u015fisel bilgilerin kullan\u0131lmas\u0131n\u0131 kabul ediyorsunuz.<\/p>\n<p>2.3 Bilgisayar sistemlerinin veya a\u011flar\u0131n\u0131n b\u00fct\u00fcnl\u00fc\u011f\u00fcn\u00fc zay\u0131flatacak herhangi bir eylem yapmamay\u0131 kabul ediyorsunuz. https:\/\/www.cnxinbo.net\/ ve\/veya ba\u015fka herhangi bir Kullan\u0131c\u0131 veya bu t\u00fcr bilgisayar sistemlerine veya a\u011flara yetkisiz eri\u015fim elde etmek.<\/p>\n<p>2.4 A\u015fa\u011f\u0131daki bilgileri kullanmadan herhangi bir fayda almamay\u0131 kabul ediyorsunuz https:\/\/www.cnxinbo.net\/ veya herhangi bir temsilcinin https:\/\/www.cnxinbo.net\/ Fiyat seviyelerinin belirlenmesi veya sat\u0131n al\u0131nmayan \u00fcr\u00fcn ve hizmetlerin teklifleri dahil olmak \u00fczere faaliyetlerde https:\/\/www.cnxinbo.net\/.com web sitesi i\u00e7eri\u011fi haz\u0131rlamak, s\u00f6zle\u015fme veya s\u00f6zle\u015fmeler yazmak https:\/\/www.cnxinbo.net\/ kat\u0131l\u0131m\u0131.<\/p>\n<h3>3. \u00dcr\u00fcnler ve Fiyatlar<\/h3>\n<p>3.1 \u00dcr\u00fcnlerimizi ve hizmetlerimizi s\u00fcrekli olarak geli\u015ftirdi\u011fimiz ve y\u00fckseltti\u011fimiz i\u00e7in, web sayfalar\u0131, rapor tablolar\u0131, rakamlar, resimler, videolar veya sesler dahil olmak \u00fczere, ancak bunlarla s\u0131n\u0131rl\u0131 olmayan herhangi bir teknik, teknik olmayan \u00f6zellik https:\/\/www.cnxinbo.net\/ \u00d6nceden bildirim olmadan \u00e7evrimi\u00e7i veya \u00e7evrimd\u0131\u015f\u0131 bi\u00e7imlerde ve i\u00e7eriklerde de\u011fi\u015ftirilebilir veya tamamen de\u011fi\u015ftirilebilir.<\/p>\n<p>3.2 Fiyatlar listelenmi\u015ftir https:\/\/www.cnxinbo.net\/ veya herhangi bir temsilcinin https:\/\/www.cnxinbo.net\/ \u00d6nceden bildirim olmadan de\u011fi\u015fikliklere tabidir.<\/p>\n<h3>4. Sorumluluk S\u0131n\u0131rlamas\u0131<\/h3>\n<p>4.1 \u0130ndirilen veya ba\u015fka bir \u015fekilde elde edilen herhangi bir materyal https:\/\/www.cnxinbo.net\/ her kullan\u0131c\u0131da yap\u0131l\u0131r&#8217; risk ve her Kullan\u0131c\u0131, herhangi bir zarardan tek ba\u015f\u0131na sorumludur. https:\/\/www.cnxinbo.net\/  &#8216; bilgisayar sistemi veya b\u00f6yle bir materyalin indirilmesinden kaynaklanabilecek veri kayb\u0131.<\/p>","protected":false},"excerpt":{"rendered":"<p>A\u00e7\u0131k https:\/\/www.cnxinbo.net\/  (bundan itibaren, olarak adland\u0131r\u0131lacakt\u0131r) https:\/\/www.cnxinbo.net\/ Ziyaret\u00e7inin gizlili\u011fi bizim ciddi endi\u015femizdir. Bu gizlilik politikas\u0131 sayfas\u0131, ne t\u00fcr ki\u015fisel bilgilerin al\u0131nabilece\u011fini ve toplanabilece\u011fini a\u00e7\u0131klar. https:\/\/www.cnxinbo.net\/ ve bilgilerin nas\u0131l kullan\u0131laca\u011f\u0131. Sosyal ve Arama Motoru Reklamlar\u0131 Di\u011fer bir\u00e7ok profesyonel site gibi, https:\/\/www.cnxinbo.net\/ yat\u0131r\u0131m [&hellip;]<\/p>","protected":false},"author":1,"featured_media":0,"parent":0,"menu_order":13,"comment_status":"closed","ping_status":"closed","template":"PrivPolicy.php","meta":{"footnotes":""},"class_list":["post-354","page","type-page","status-publish","hentry"],"_links":{"self":[{"href":"https:\/\/www.cnxinbo.net\/tr\/wp-json\/wp\/v2\/pages\/354","targetHints":{"allow":["GET"]}}],"collection":[{"href":"https:\/\/www.cnxinbo.net\/tr\/wp-json\/wp\/v2\/pages"}],"about":[{"href":"https:\/\/www.cnxinbo.net\/tr\/wp-json\/wp\/v2\/types\/page"}],"author":[{"embeddable":true,"href":"https:\/\/www.cnxinbo.net\/tr\/wp-json\/wp\/v2\/users\/1"}],"replies":[{"embeddable":true,"href":"https:\/\/www.cnxinbo.net\/tr\/wp-json\/wp\/v2\/comments?post=354"}],"version-history":[{"count":2,"href":"https:\/\/www.cnxinbo.net\/tr\/wp-json\/wp\/v2\/pages\/354\/revisions"}],"predecessor-version":[{"id":356,"href":"https:\/\/www.cnxinbo.net\/tr\/wp-json\/wp\/v2\/pages\/354\/revisions\/356"}],"wp:attachment":[{"href":"https:\/\/www.cnxinbo.net\/tr\/wp-json\/wp\/v2\/media?parent=354"}],"curies":[{"name":"wp","href":"https:\/\/api.w.org\/{rel}","templated":true}]}}